{"id":15,"date":"2016-11-10T08:36:14","date_gmt":"2016-11-10T08:36:14","guid":{"rendered":"http:\/\/test.ducops.it\/?page_id=15"},"modified":"2019-03-04T10:48:30","modified_gmt":"2019-03-04T10:48:30","slug":"cookie-policy","status":"publish","type":"page","link":"http:\/\/www.ducops.it\/index.php\/cookie-policy\/","title":{"rendered":"Cookie Policy"},"content":{"rendered":"<h3 style=\"text-align: justify;\">Cookie Policy<\/h3>\n<p style=\"text-align: justify;\">Uso di cookie, web beacon e tecnologie simili da parte di DUCOPS<\/p>\n<p><strong>Cosa sono cookie, web beacon e tecnologie simili?<\/strong><br \/>\nCome la maggior parte dei siti, DUCOPS usa file di dati di piccole dimensioni che vengono salvati su computer, tablet o dispositivo mobile (indicati complessivamente come \u201cdispositivo\u201d) dell\u2019utente per registrare determinati dati ogni volta che questi visita o interagisce con siti, servizi, applicazioni, messaggi e strumenti DUCOPS.<br \/>\nI nomi e i tipi specifici di cookie, web beacon e altre tecnologie simili possono cambiare nel tempo. Per aiutare l\u2019utente a capire meglio queste regole e l\u2019uso di tali tecnologie da parte di DUCOPS, di seguito sono riportati alcuni termini con le relative definizioni.<br \/>\n\u2022 Cookie: piccoli file di testo (formati in genere da lettere e numeri) che vengono salvati nella memoria del browser o del dispositivo dell\u2019utente quando visita un sito o visualizza un messaggio. I cookie consentono a un sito di riconoscere un particolare dispositivo o browser. Esistono diversi tipi di cookie:<\/p>\n<ol>\n<li style=\"text-align: justify;\">I cookie di sessione scadono al termine della sessione del browser e consentono a DUCOPS di collegare le azioni dell\u2019utente durante quella sessione specifica.<\/li>\n<li style=\"text-align: justify;\">I cookie permanenti rimangono invece memorizzati sul dispositivo dell\u2019utente anche dopo il termine della sessione del browser e consentono di ricordarne le preferenze o le azioni all\u2019interno di pi\u00f9 siti.<\/li>\n<li style=\"text-align: justify;\">I cookie proprietari vengono impostati dal sito che si sta visitando.<\/li>\n<li style=\"text-align: justify;\">I cookie di terze parti vengono impostati da un sito terzo diverso dal sito che si sta visitando.<\/li>\n<\/ol>\n<ul>\n<li style=\"text-align: justify;\">I cookie possono essere disattivati o rimossi usando gli strumenti disponibili nella maggior parte dei browser. Le preferenze relative ai cookie devono essere impostate separatamente per ciascun browser usato, poich\u00e9 ognuno di essi offre funzionalit\u00e0 e opzioni specifiche.<\/li>\n<li style=\"text-align: justify;\">Web beacon: piccole immagini, anche note come \u201ctag pixel\u201d o \u201cGIF trasparenti\u201d, che DUCOPS pu\u00f2 includere nei propri siti, servizi, applicazioni, messaggi e strumenti. I web beacon possono essere usati da DUCOPS per diversi scopi, tra cui misurare le prestazioni dei propri siti, monitorare il numero di visitatori e le modalit\u00e0 di navigazione al loro interno, calcolare quante email inviate vengono realmente aperte, monitorare l\u2019efficacia della pubblicit\u00e0 o calcolare il numero di elementi, articoli o link effettivamente visualizzati<\/li>\n<li style=\"text-align: justify;\">Tecnologie simili per l\u2019archiviazione di dati: tecnologie che archiviano dati nel browser o dispositivo usando oggetti condivisi a livello locale o archiviazione locale, quali cookie flash, cookie HTML 5 e altri metodi software per applicazioni web. Queste tecnologie funzionano in tutti i browser. In alcuni casi l\u2019uso dell\u2019archiviazione locale non pu\u00f2 essere pienamente gestito dai browser, ma richiede la gestione tramite strumenti specifici. DUCOPS pu\u00f2 servirsi di simili tecnologie di archiviazione dati che permettano di garantire la sicurezza del conto dell\u2019utente o per rilevare irregolarit\u00e0 nel comportamento ed evitare accessi non autorizzati al conto dell\u2019utente o per valutare le prestazioni dei siti, servizi, applicazioni o strumenti DUCOPS. DUCOPS non usa tali tecnologie di archiviazione dati per adattare la pubblicit\u00e0 nei propri siti e al di fuori di essi al profilo dell\u2019utente.<\/li>\n<\/ul>\n<p style=\"text-align: justify;\">I termini \u201ccookie\u201d e \u201ctecnologie simili\u201d possono essere usati indistintamente nelle regole di DUCOPS in riferimento a tutte le tecnologie adoperate per archiviare dati nel browser o dispositivo dell\u2019utente o alle tecnologie che raccolgono dati o che consentono di identificare l\u2019utente nel modo sopra descritto.<br \/>\nScelta dell\u2019utente e uso di cookie, web beacon e tecnologie simili da parte di DUCOPS<br \/>\nDeterminate funzioni, servizi, applicazioni e strumenti del sito sono disponibili solo tramite l\u2019uso di queste tecnologie. L\u2019utente pu\u00f2 bloccare, eliminare o disabilitare queste tecnologie in qualunque momento se il proprio browser o dispositivo lo consente. Tuttavia, se non accetta cookie o altre tecnologie simili, potrebbe non riuscire a usare determinate funzioni, servizi, applicazioni o strumenti del sito. Potrebbe altres\u00ec dover immettere la password pi\u00f9 volte durante una stessa sessione. Per ulteriori informazioni su come bloccare, eliminare o disabilitare queste tecnologie, fare riferimento alla Guida in linea del browser, della funzionalit\u00e0 aggiuntiva, dell\u2019applicazione o del dispositivo.<\/p>\n<p>In generale queste tecnologie consentono ai siti, servizi, applicazioni e strumenti DUCOPS di conservare dati importanti nel browser o dispositivo dell\u2019utente e di consultarle successivamente. Non vengono usate per archiviare i dati personali dell\u2019utente, ma per identificarlo sui server o sistemi interni. Se applicabile, cookie o altre tecnologie simili vengono protetti in modo che solo i provider di servizi autorizzati possano interpretarli assegnando loro un identificativo univoco destinato alla sola interpretazione da parte di DUCOPS. I dati personali dell\u2019utente non vengono archiviati in cookie o altre tecnologie simili usate.<\/p>\n<p>Viene richiesto il consenso dell\u2019utente all\u2019uso di queste tecnologie di acquisizione e conservazione dei dati fornendogli una notifica automatica del loro uso e dandogli la possibilit\u00e0 di scegliere di disabilitarle, come descritto in precedenza.<\/p>\n<p>Gli usi di tali tecnologie rientrano nelle seguenti categorie generali:<\/p>\n<ol>\n<li style=\"text-align: justify;\">\u00a0Uso necessario dal punto di vista operativo. L\u2019uso di cookie o altre tecnologie simili \u00e8 necessario per il funzionamento di siti, servizi, applicazioni e strumenti. Questo include tecnologie che consentono all\u2019utente di accedere ai siti, servizi, applicazioni e strumenti richiesti per evitare attivit\u00e0 fraudolente e migliorare la sicurezza o che gli consentono di usare altre funzioni quali carrelli, ricerche salvate o funzioni simili.<\/li>\n<li style=\"text-align: justify;\">Uso relativo alle prestazioni. DUCOPS pu\u00f2 usare cookie o altre tecnologie simili che siano utili a valutare le prestazioni dei propri siti, applicazioni, servizi e strumenti nell\u2019ambito delle attivit\u00e0 di analisi per capire in che modo i visitatori usano i siti o per migliorare i contenuti dei siti, le applicazioni, i servizi o gli strumenti.<\/li>\n<li style=\"text-align: justify;\">Uso relativo alle funzionalit\u00e0. DUCOPS pu\u00f2 usare cookie o altre tecnologie simili che consentono di offrire funzionalit\u00e0 avanzate durante l\u2019accesso o l\u2019uso dei siti, servizi, applicazioni o strumenti DUCOPS. Ci\u00f2 pu\u00f2 includere l\u2019identificazione dell\u2019utente quando accede ai siti DUCOPS o la memorizzazione di sue preferenze, interessi o articoli gi\u00e0 visualizzati per permettere a DUCOPS di migliorare la presentazione dei contenuti sui propri siti.<\/li>\n<li style=\"text-align: justify;\">Uso relativo a pubblicit\u00e0 o personalizzazione dei contenuti. DUCOPS pu\u00f2 usare cookie e web beacon proprietari o di terze parti per offrire contenuti, incluse pubblicit\u00e0 rilevanti per gli interessi dell\u2019Utente, sui propri siti o su siti terzi. Ci\u00f2 include l\u2019uso di tecnologie per meglio capire l\u2019utilit\u00e0 delle pubblicit\u00e0 e dei contenuti proposti all\u2019utente.<\/li>\n<\/ol>\n<p style=\"text-align: justify;\">Se non si desidera accettare tutti gli altri tipi di tecnologie usate nei siti, servizi, applicazioni o strumenti DUCOPS, \u00e8 possibile bloccarle, eliminarle o disabilitarle come consentito dal browser o dispositivo usato.<br \/>\nUso di queste tecnologie da parte di provider di servizi di terze parti<br \/>\nDUCOPS pu\u00f2 collaborare con aziende terze, generalmente note come provider di servizi, che possono usare cookie, web beacon o tecnologie simili terze per archiviare dati sui siti o nei servizi, applicazioni e strumenti DUCOPS con il consenso di DUCOPS. Tali provider di servizi ci aiutano a gestire i nostri siti, applicazioni, servizi e strumenti e consentono all\u2019utente di beneficiare di un\u2019esperienza d\u2019uso migliore, pi\u00f9 rapida e pi\u00f9 sicura.<br \/>\nFatta eccezione per l\u2019uso di tali tecnologie da parte dei nostri provider di servizi, DUCOPS non consente l\u2019inserimento di contenuti di terze parti sui propri siti, quali annunci, comunicazioni tra membri, commenti, recensioni e cos\u00ec via per includere o usare cookie, web beacon, archivi locali o tecnologie simili per scopi di monitoraggio o acquisizione dei dati personali dell\u2019utente. Se si ritiene che un annuncio o altri contenuti di terze parti possano acquisire dati personali o usare tecnologie di monitoraggio, inviare un\u2019email all\u2019indirizzo info@ducops.it<\/p>\n","protected":false},"excerpt":{"rendered":"<p>Cookie Policy Uso di cookie, web beacon e tecnologie simili da parte di DUCOPS Cosa sono cookie, web beacon e&#8230;<\/p>\n","protected":false},"author":1,"featured_media":0,"parent":0,"menu_order":0,"comment_status":"closed","ping_status":"closed","template":"","meta":{"footnotes":""},"wf_page_folders":[13],"aioseo_notices":[],"_links":{"self":[{"href":"http:\/\/www.ducops.it\/index.php\/wp-json\/wp\/v2\/pages\/15"}],"collection":[{"href":"http:\/\/www.ducops.it\/index.php\/wp-json\/wp\/v2\/pages"}],"about":[{"href":"http:\/\/www.ducops.it\/index.php\/wp-json\/wp\/v2\/types\/page"}],"author":[{"embeddable":true,"href":"http:\/\/www.ducops.it\/index.php\/wp-json\/wp\/v2\/users\/1"}],"replies":[{"embeddable":true,"href":"http:\/\/www.ducops.it\/index.php\/wp-json\/wp\/v2\/comments?post=15"}],"version-history":[{"count":3,"href":"http:\/\/www.ducops.it\/index.php\/wp-json\/wp\/v2\/pages\/15\/revisions"}],"predecessor-version":[{"id":1378,"href":"http:\/\/www.ducops.it\/index.php\/wp-json\/wp\/v2\/pages\/15\/revisions\/1378"}],"wp:attachment":[{"href":"http:\/\/www.ducops.it\/index.php\/wp-json\/wp\/v2\/media?parent=15"}],"wp:term":[{"taxonomy":"wf_page_folders","embeddable":true,"href":"http:\/\/www.ducops.it\/index.php\/wp-json\/wp\/v2\/wf_page_folders?post=15"}],"curies":[{"name":"wp","href":"https:\/\/api.w.org\/{rel}","templated":true}]}}