{"id":335,"date":"2016-11-24T17:24:17","date_gmt":"2016-11-24T17:24:17","guid":{"rendered":"http:\/\/test.ducops.it\/?page_id=335"},"modified":"2022-02-14T12:21:27","modified_gmt":"2022-02-14T12:21:27","slug":"logistica-industriale-2","status":"publish","type":"page","link":"http:\/\/www.ducops.it\/index.php\/logistica-industriale-2\/","title":{"rendered":"Servizi di Logistica"},"content":{"rendered":"<p>[vc_row][vc_column][layerslider_vc id=&#8221;1&#8243;][\/vc_column][\/vc_row][vc_row][vc_column][vc_column_text]<\/p>\n<h3 style=\"text-align: justify;\">LOGISTICA DI STABILIMENTO<\/h3>\n<p style=\"text-align: justify;\"><strong>&#8220;Movimento di idee, uomini e mezzi&#8221;<\/strong><br \/>\nProponiamo soluzioni per il miglioramento delle performances e la riduzione dei costi di gestione, che comprendono attivit\u00e0 di progettazione e di governo della produzione dei servizi.\u00a0I nostri valori principali sono il rapporto di fiducia con il cliente e la trasparenza in tutte le fasi di gestione del servizio. Per questo siamo stati scelti da alcune delle pi\u00f9 grandi realt\u00e0 industriali sul territorio nazionale.\u00a0<strong>Ducops ad oggi \u00e8 l\u2019unica realt\u00e0 italiana nel comparto dei servizi che ha avviato una collaborazione con FCA (Fiat-Chrysler) per sviluppare il Sistema WCL (World Class Logistic) nei processi di esternalizzazione dei magazzini di qualunque settore di business.<\/strong>\u00a0L\u2019elaborazione di progetti personalizzati ed efficaci, con un approccio all\u2019innovazione e alla risoluzione dei problemi, sono il nostro carattere distintivo.[\/vc_column_text][\/vc_column][\/vc_row][vc_row][vc_column][vc_text_separator title=&#8221;AMBITI DI INTERVENTO&#8221;][\/vc_column][\/vc_row][vc_row][vc_column width=&#8221;1\/3&#8243;][vc_column_text]<strong>Industria\/Farmaceutico<\/strong><br \/>\nAriston Thermo<br \/>\nFarmacentro<br \/>\nSACI industries<br \/>\nClementoni[\/vc_column_text][\/vc_column][vc_column width=&#8221;1\/3&#8243;][vc_column_text]<strong>Grande distribuzione organizzata<br \/>\n<\/strong>Pac 2000 (CONAD)<br \/>\nSMA Centro Distribuzione Siena<br \/>\nMetro<br \/>\nCOOP Centro Italia[\/vc_column_text][\/vc_column][vc_column width=&#8221;1\/3&#8243;][vc_column_text]<strong>F<\/strong><strong>ood e no-food<\/strong><br \/>\nRocchetta SPA<br \/>\nColussi Group<br \/>\nFarchioni Olii<br \/>\nTogni SPA[\/vc_column_text][\/vc_column][\/vc_row][vc_row][vc_column][vc_single_image image=&#8221;1152&#8243; img_size=&#8221;full&#8221; alignment=&#8221;center&#8221;][\/vc_column][\/vc_row][vc_row][vc_column][vc_empty_space height=&#8221;50px&#8221;][vc_column_text]<\/p>\n<p style=\"text-align: justify;\">WCL \u00e8 la metodologia che nasce dal manufacturing e che \u00e8 stata declinata nella Logistica. Ducops \u00e8 tra le prime aziende di servizi Italiane ad avere adottato il WCL, ed oggi dispone di un centro ricerche avanzato in grado di analizzare i flussi logistici ed intervenire proponendo soluzioni personalizzate.<\/p>\n<ul>\n<li><strong>Sicurezza sul posto di lavoro<\/strong><\/li>\n<li><strong>Qualit\u00e0 del servizio<\/strong><\/li>\n<li><strong>Produttivit\u00e0 dei processi<\/strong><\/li>\n<li><strong>Rispetto per l&#8217;ambiente<\/strong><\/li>\n<\/ul>\n<p>[\/vc_column_text][vc_empty_space height=&#8221;50px&#8221;][vc_text_separator title=&#8221;IL PERCORSO&#8221; color=&#8221;custom&#8221; accent_color=&#8221;#3076b5&#8243;][vc_single_image image=&#8221;1278&#8243; img_size=&#8221;full&#8221; alignment=&#8221;center&#8221;][\/vc_column][\/vc_row][vc_row][vc_column][vc_empty_space height=&#8221;50px&#8221;][vc_text_separator title=&#8221;AREE DI INTERVENTO&#8221; color=&#8221;custom&#8221; accent_color=&#8221;#3076b5&#8243;][\/vc_column][\/vc_row][vc_row][vc_column width=&#8221;1\/12&#8243;][\/vc_column][vc_column width=&#8221;2\/12&#8243;][vc_icon icon_fontawesome=&#8221;fa fa-medkit&#8221; color=&#8221;custom&#8221; size=&#8221;xl&#8221; custom_color=&#8221;#3076b5&#8243;][vc_column_text]<strong>SICUREZZA<\/strong><br \/>\nDrastica riduzione di infortuni ed incidenti[\/vc_column_text][\/vc_column][vc_column width=&#8221;2\/12&#8243;][vc_icon icon_fontawesome=&#8221;fa fa-eur&#8221; color=&#8221;custom&#8221; size=&#8221;xl&#8221; custom_color=&#8221;#3076b5&#8243;][vc_column_text]<strong>ANALISI DEI COSTI<\/strong><br \/>\nLocalizzare e valorizzare le perdite, individuare e pianificare le attivit\u00e0.[\/vc_column_text][\/vc_column][vc_column width=&#8221;2\/12&#8243;][vc_icon icon_fontawesome=&#8221;fa fa-wrench&#8221; color=&#8221;custom&#8221; size=&#8221;xl&#8221; custom_color=&#8221;#3076b5&#8243;][vc_column_text]<b>AMBIENTE DI LAVORO<\/b><br \/>\nCreare migliori condizioni per qualit\u00e0 ed efficienza.[\/vc_column_text][\/vc_column][vc_column width=&#8221;2\/12&#8243;][vc_icon icon_fontawesome=&#8221;fa fa-search&#8221; color=&#8221;custom&#8221; size=&#8221;xl&#8221; custom_color=&#8221;#3076b5&#8243;][vc_column_text]<b>INFRASTRUTTURE<\/b><br \/>\nIndividuazione dei giusti mezzi d\u2019opera e strutture di stoccaggio.[\/vc_column_text][\/vc_column][vc_column width=&#8221;2\/12&#8243;][vc_icon icon_fontawesome=&#8221;fa fa-check-square-o&#8221; color=&#8221;custom&#8221; size=&#8221;xl&#8221; custom_color=&#8221;#3076b5&#8243;][vc_column_text]<b>MIGLIORAMENTO CONTINUO<\/b><br \/>\nObiettivo azzeramento minacce.[\/vc_column_text][\/vc_column][vc_column width=&#8221;1\/12&#8243;][\/vc_column][\/vc_row][vc_row][vc_column width=&#8221;1\/12&#8243;][\/vc_column][vc_column width=&#8221;2\/12&#8243;][vc_icon icon_fontawesome=&#8221;fa fa-line-chart&#8221; color=&#8221;custom&#8221; size=&#8221;xl&#8221; custom_color=&#8221;#3076b5&#8243;][vc_column_text]<b>CREAZIONE DI KPI<\/b><br \/>\nAnalisi e creazione di indici di produttivit\u00e0.[\/vc_column_text][\/vc_column][vc_column width=&#8221;2\/12&#8243;][vc_icon icon_fontawesome=&#8221;fa fa-truck&#8221; color=&#8221;custom&#8221; size=&#8221;xl&#8221; custom_color=&#8221;#3076b5&#8243;][vc_column_text]<b>FLUSSI LOGISTICI<\/b><br \/>\nIl prodotto giusto al momento giusto, nella qualit\u00e0 e quantit\u00e0 richiesta. minimizzando il material handling.[\/vc_column_text][\/vc_column][vc_column width=&#8221;2\/12&#8243;][vc_icon icon_fontawesome=&#8221;fa fa-user-circle-o&#8221; color=&#8221;custom&#8221; size=&#8221;xl&#8221; custom_color=&#8221;#3076b5&#8243;][vc_column_text]<b>CULTURA RELAZIONALE<\/b><br \/>\nSviluppo delle competenze, coinvolgimento e motivazione addetti.[\/vc_column_text][\/vc_column][vc_column width=&#8221;2\/12&#8243;][vc_icon icon_fontawesome=&#8221;fa fa-leaf&#8221; color=&#8221;custom&#8221; size=&#8221;xl&#8221; custom_color=&#8221;#3076b5&#8243;][vc_column_text]<b>AMBIENTE<\/b><br \/>\nProteggere l&#8217;ambiente avendo cura che le nostre azioni abbiano impatto zero.[\/vc_column_text][\/vc_column][vc_column width=&#8221;2\/12&#8243;][vc_icon icon_fontawesome=&#8221;fa fa-spinner&#8221; color=&#8221;custom&#8221; size=&#8221;xl&#8221; custom_color=&#8221;#3076b5&#8243;][vc_column_text]<b>CONDIVISIONE DELLE EFFICIENZE<\/b><br \/>\nCertificazione dei risultati ottenuti.[\/vc_column_text][\/vc_column][vc_column width=&#8221;1\/12&#8243;][\/vc_column][\/vc_row][vc_row][vc_column][vc_empty_space height=&#8221;50px&#8221;][\/vc_column][\/vc_row][vc_row content_placement=&#8221;top&#8221;][vc_column][\/vc_column][\/vc_row][vc_row][vc_column][vc_text_separator title=&#8221;NEWS WCL&#8221; color=&#8221;custom&#8221; border_width=&#8221;3&#8243; accent_color=&#8221;#3076b5&#8243;][vc_empty_space height=&#8221;20px&#8221;][vc_masonry_grid post_type=&#8221;post&#8221; max_items=&#8221;6&#8243; style=&#8221;load-more&#8221; items_per_page=&#8221;6&#8243; element_width=&#8221;2&#8243; initial_loading_animation=&#8221;fadeIn&#8221; grid_id=&#8221;vc_gid:1644841126605-28e41a4ee4618f548187f6a6f62c5913-0&#8243; taxonomies=&#8221;9&#8243;][vc_empty_space height=&#8221;50px&#8221;][vc_text_separator title=&#8221;I NOSTRI WORKSHOP&#8221; color=&#8221;custom&#8221; border_width=&#8221;3&#8243; accent_color=&#8221;#3076b5&#8243;][\/vc_column][\/vc_row][vc_row][vc_column][vc_single_image image=&#8221;1373&#8243; img_size=&#8221;full&#8221; alignment=&#8221;center&#8221; style=&#8221;vc_box_rounded&#8221;][\/vc_column][\/vc_row][vc_row][vc_column][vc_empty_space height=&#8221;20px&#8221;][vc_column_text]Grande successo per il secondo appuntamento con il Workshop WCL di Ducops presso l&#8217;Aula Magna della Facolt\u00e0 di Ingegneria dell&#8217;Universit\u00e0 delle Marche sul tema &#8220;La Logistica di stabilimento, Imprese ed Universit\u00e0 insieme per l&#8217;Innovazione, WCM e WCL la sfida dell&#8217;oggi&#8221;. Un grazie speciale va alle molte aziende intervenute, all&#8217;Universit\u00e0 che ha reso possibile il tutto, agli studenti della Formula Sae, ed ai vari speakers di Fiat-Chrysler Automobilies, Ariston Thermo, Farmacentro e Midac Batteries. Ci piace creare valore.[\/vc_column_text][vc_gallery type=&#8221;image_grid&#8221; images=&#8221;1426,1429,1438,1437,1432,1431,1425,1442,1441,1440,1439,1436,1435,1434,1428,1430,1433,1424,1427&#8243; img_size=&#8221;140X90&#8243;][vc_empty_space height=&#8221;20px&#8221;][\/vc_column][\/vc_row][vc_row][vc_column width=&#8221;1\/2&#8243;][vc_raw_html]JTNDaWZyYW1lJTIwd2lkdGglM0QlMjI1NjAlMjIlMjBoZWlnaHQlM0QlMjIzMTUlMjIlMjBzcmMlM0QlMjJodHRwcyUzQSUyRiUyRnd3dy55b3V0dWJlLmNvbSUyRmVtYmVkJTJGYnpTLWdabUxnU2MlMjIlMjBmcmFtZWJvcmRlciUzRCUyMjAlMjIlMjBhbGxvdyUzRCUyMmFjY2VsZXJvbWV0ZXIlM0IlMjBhdXRvcGxheSUzQiUyMGVuY3J5cHRlZC1tZWRpYSUzQiUyMGd5cm9zY29wZSUzQiUyMHBpY3R1cmUtaW4tcGljdHVyZSUyMiUyMGFsbG93ZnVsbHNjcmVlbiUzRSUzQyUyRmlmcmFtZSUzRQ==[\/vc_raw_html][\/vc_column][vc_column width=&#8221;1\/2&#8243;][vc_raw_html]JTNDaWZyYW1lJTIwd2lkdGglM0QlMjI1NjAlMjIlMjBoZWlnaHQlM0QlMjIzMTUlMjIlMjBzcmMlM0QlMjJodHRwcyUzQSUyRiUyRnd3dy55b3V0dWJlLmNvbSUyRmVtYmVkJTJGd1E5MVByeHBnWE0lMjIlMjBmcmFtZWJvcmRlciUzRCUyMjAlMjIlMjBhbGxvdyUzRCUyMmFjY2VsZXJvbWV0ZXIlM0IlMjBhdXRvcGxheSUzQiUyMGVuY3J5cHRlZC1tZWRpYSUzQiUyMGd5cm9zY29wZSUzQiUyMHBpY3R1cmUtaW4tcGljdHVyZSUyMiUyMGFsbG93ZnVsbHNjcmVlbiUzRSUzQyUyRmlmcmFtZSUzRQ==[\/vc_raw_html][\/vc_column][\/vc_row][vc_row][vc_column width=&#8221;1\/2&#8243;][vc_raw_html]JTNDaWZyYW1lJTIwd2lkdGglM0QlMjI1NjAlMjIlMjBoZWlnaHQlM0QlMjIzMTUlMjIlMjBzcmMlM0QlMjJodHRwcyUzQSUyRiUyRnd3dy55b3V0dWJlLmNvbSUyRmVtYmVkJTJGZlpBZWE5eWY1Z0klMjIlMjBmcmFtZWJvcmRlciUzRCUyMjAlMjIlMjBhbGxvdyUzRCUyMmFjY2VsZXJvbWV0ZXIlM0IlMjBhdXRvcGxheSUzQiUyMGVuY3J5cHRlZC1tZWRpYSUzQiUyMGd5cm9zY29wZSUzQiUyMHBpY3R1cmUtaW4tcGljdHVyZSUyMiUyMGFsbG93ZnVsbHNjcmVlbiUzRSUzQyUyRmlmcmFtZSUzRQ==[\/vc_raw_html][\/vc_column][vc_column width=&#8221;1\/2&#8243;][vc_raw_html]JTNDaWZyYW1lJTIwd2lkdGglM0QlMjI1NjAlMjIlMjBoZWlnaHQlM0QlMjIzMTUlMjIlMjBzcmMlM0QlMjJodHRwcyUzQSUyRiUyRnd3dy55b3V0dWJlLmNvbSUyRmVtYmVkJTJGMEQ4dnpMY2gxcnclMjIlMjBmcmFtZWJvcmRlciUzRCUyMjAlMjIlMjBhbGxvdyUzRCUyMmFjY2VsZXJvbWV0ZXIlM0IlMjBhdXRvcGxheSUzQiUyMGVuY3J5cHRlZC1tZWRpYSUzQiUyMGd5cm9zY29wZSUzQiUyMHBpY3R1cmUtaW4tcGljdHVyZSUyMiUyMGFsbG93ZnVsbHNjcmVlbiUzRSUzQyUyRmlmcmFtZSUzRQ==[\/vc_raw_html][\/vc_column][\/vc_row][vc_row][vc_column width=&#8221;1\/2&#8243;][vc_raw_html]JTNDaWZyYW1lJTIwd2lkdGglM0QlMjI1NjAlMjIlMjBoZWlnaHQlM0QlMjIzMTUlMjIlMjBzcmMlM0QlMjJodHRwcyUzQSUyRiUyRnd3dy55b3V0dWJlLmNvbSUyRmVtYmVkJTJGMXNyV3lSVzA5a1ElMjIlMjBmcmFtZWJvcmRlciUzRCUyMjAlMjIlMjBhbGxvdyUzRCUyMmFjY2VsZXJvbWV0ZXIlM0IlMjBhdXRvcGxheSUzQiUyMGVuY3J5cHRlZC1tZWRpYSUzQiUyMGd5cm9zY29wZSUzQiUyMHBpY3R1cmUtaW4tcGljdHVyZSUyMiUyMGFsbG93ZnVsbHNjcmVlbiUzRSUzQyUyRmlmcmFtZSUzRQ==[\/vc_raw_html][\/vc_column][vc_column width=&#8221;1\/2&#8243;][\/vc_column][\/vc_row][vc_row][vc_column][vc_separator color=&#8221;black&#8221; border_width=&#8221;2&#8243;][vc_empty_space height=&#8221;20px&#8221;][\/vc_column][\/vc_row][vc_row][vc_column][vc_single_image image=&#8221;1412&#8243; img_size=&#8221;full&#8221; alignment=&#8221;center&#8221; style=&#8221;vc_box_rounded&#8221;][vc_empty_space height=&#8221;20px&#8221;][vc_column_text]<\/p>\n<p style=\"text-align: justify;\">Ducops Service ringrazia le molte aziende presenti al Workshop dello scorso 25 maggio a Perugia, che si sono confrontate con i massimi esperti sul tema \u201cLa logistica di stabilimento, WCM e WCL, la sfida dell\u2019oggi\u201d. Un\u2019iniziativa da ripetere sicuramente visto il grande interesse.\u00a0Uno speciale ringraziamento per il successo ottenuto dal Workshop Ducops va agli speakers esterni intervenuti; Ing. Giorgio Mencaroni (Confcommercio), Ing. Claudio Vacca (FCA), Ing. Domenico Emiliozzi (ATG), Ing. Alessandro Campanile (Saci).<\/p>\n<p>[\/vc_column_text][\/vc_column][\/vc_row][vc_row][vc_column][vc_gallery type=&#8221;image_grid&#8221; images=&#8221;982,984,985,986,987,1001,1002,1005,1006,1008,1003,1004&#8243; img_size=&#8221;140X90&#8243;][\/vc_column][\/vc_row][vc_row][vc_column][vc_empty_space height=&#8221;20px&#8221;][\/vc_column][\/vc_row][vc_row][vc_column width=&#8221;1\/2&#8243;][vc_raw_html]JTNDaWZyYW1lJTIwd2lkdGglM0QlMjI1NjAlMjIlMjBoZWlnaHQlM0QlMjIzMTUlMjIlMjBzcmMlM0QlMjJodHRwcyUzQSUyRiUyRnd3dy55b3V0dWJlLmNvbSUyRmVtYmVkJTJGbkRzZHhDaW9wajglM0ZyZWwlM0QwJTIyJTIwZnJhbWVib3JkZXIlM0QlMjIwJTIyJTIwYWxsb3clM0QlMjJhdXRvcGxheSUzQiUyMGVuY3J5cHRlZC1tZWRpYSUyMiUyMGFsbG93ZnVsbHNjcmVlbiUzRSUzQyUyRmlmcmFtZSUzRQ==[\/vc_raw_html][\/vc_column][vc_column width=&#8221;1\/2&#8243;][vc_raw_html]JTNDaWZyYW1lJTIwd2lkdGglM0QlMjI1NjAlMjIlMjBoZWlnaHQlM0QlMjIzMTUlMjIlMjBzcmMlM0QlMjJodHRwcyUzQSUyRiUyRnd3dy55b3V0dWJlLmNvbSUyRmVtYmVkJTJGd0d6VmZJRWU4Z0klM0ZyZWwlM0QwJTIyJTIwZnJhbWVib3JkZXIlM0QlMjIwJTIyJTIwYWxsb3clM0QlMjJhdXRvcGxheSUzQiUyMGVuY3J5cHRlZC1tZWRpYSUyMiUyMGFsbG93ZnVsbHNjcmVlbiUzRSUzQyUyRmlmcmFtZSUzRQ==[\/vc_raw_html][\/vc_column][\/vc_row][vc_row][vc_column width=&#8221;1\/2&#8243;][vc_raw_html]JTNDaWZyYW1lJTIwd2lkdGglM0QlMjI1NjAlMjIlMjBoZWlnaHQlM0QlMjIzMTUlMjIlMjBzcmMlM0QlMjJodHRwcyUzQSUyRiUyRnd3dy55b3V0dWJlLmNvbSUyRmVtYmVkJTJGUVZhckFWRFBKU1klM0ZyZWwlM0QwJTIyJTIwZnJhbWVib3JkZXIlM0QlMjIwJTIyJTIwYWxsb3clM0QlMjJhdXRvcGxheSUzQiUyMGVuY3J5cHRlZC1tZWRpYSUyMiUyMGFsbG93ZnVsbHNjcmVlbiUzRSUzQyUyRmlmcmFtZSUzRQ==[\/vc_raw_html][\/vc_column][vc_column width=&#8221;1\/2&#8243;][vc_raw_html]JTNDaWZyYW1lJTIwd2lkdGglM0QlMjI1NjAlMjIlMjBoZWlnaHQlM0QlMjIzMTUlMjIlMjBzcmMlM0QlMjJodHRwcyUzQSUyRiUyRnd3dy55b3V0dWJlLmNvbSUyRmVtYmVkJTJGR1B4Uk5JamRDdmclM0ZyZWwlM0QwJTIyJTIwZnJhbWVib3JkZXIlM0QlMjIwJTIyJTIwYWxsb3clM0QlMjJhdXRvcGxheSUzQiUyMGVuY3J5cHRlZC1tZWRpYSUyMiUyMGFsbG93ZnVsbHNjcmVlbiUzRSUzQyUyRmlmcmFtZSUzRQ==[\/vc_raw_html][\/vc_column][\/vc_row][vc_row][vc_column width=&#8221;1\/2&#8243;][vc_raw_html]JTNDaWZyYW1lJTIwd2lkdGglM0QlMjI1NjAlMjIlMjBoZWlnaHQlM0QlMjIzMTUlMjIlMjBzcmMlM0QlMjJodHRwcyUzQSUyRiUyRnd3dy55b3V0dWJlLmNvbSUyRmVtYmVkJTJGNU1TUG9kb2Zoc28lM0ZyZWwlM0QwJTIyJTIwZnJhbWVib3JkZXIlM0QlMjIwJTIyJTIwYWxsb3clM0QlMjJhdXRvcGxheSUzQiUyMGVuY3J5cHRlZC1tZWRpYSUyMiUyMGFsbG93ZnVsbHNjcmVlbiUzRSUzQyUyRmlmcmFtZSUzRQ==[\/vc_raw_html][\/vc_column][vc_column width=&#8221;1\/2&#8243;][vc_raw_html]JTNDaWZyYW1lJTIwd2lkdGglM0QlMjI1NjAlMjIlMjBoZWlnaHQlM0QlMjIzMTUlMjIlMjBzcmMlM0QlMjJodHRwcyUzQSUyRiUyRnd3dy55b3V0dWJlLmNvbSUyRmVtYmVkJTJGQ2wzTjV5ZE9FeW8lMjIlMjBmcmFtZWJvcmRlciUzRCUyMjAlMjIlMjBhbGxvdyUzRCUyMmF1dG9wbGF5JTNCJTIwZW5jcnlwdGVkLW1lZGlhJTIyJTIwYWxsb3dmdWxsc2NyZWVuJTNFJTNDJTJGaWZyYW1lJTNF[\/vc_raw_html][\/vc_column][\/vc_row][vc_row][vc_column][\/vc_column][\/vc_row]<\/p>\n","protected":false},"excerpt":{"rendered":"<p>[vc_row][vc_column][layerslider_vc id=&#8221;1&#8243;][\/vc_column][\/vc_row][vc_row][vc_column][vc_column_text] LOGISTICA DI STABILIMENTO &#8220;Movimento di idee, uomini e mezzi&#8221; Proponiamo soluzioni per il miglioramento delle performances e la&#8230;<\/p>\n","protected":false},"author":1,"featured_media":0,"parent":0,"menu_order":0,"comment_status":"closed","ping_status":"closed","template":"","meta":{"footnotes":""},"wf_page_folders":[13],"aioseo_notices":[],"_links":{"self":[{"href":"http:\/\/www.ducops.it\/index.php\/wp-json\/wp\/v2\/pages\/335"}],"collection":[{"href":"http:\/\/www.ducops.it\/index.php\/wp-json\/wp\/v2\/pages"}],"about":[{"href":"http:\/\/www.ducops.it\/index.php\/wp-json\/wp\/v2\/types\/page"}],"author":[{"embeddable":true,"href":"http:\/\/www.ducops.it\/index.php\/wp-json\/wp\/v2\/users\/1"}],"replies":[{"embeddable":true,"href":"http:\/\/www.ducops.it\/index.php\/wp-json\/wp\/v2\/comments?post=335"}],"version-history":[{"count":24,"href":"http:\/\/www.ducops.it\/index.php\/wp-json\/wp\/v2\/pages\/335\/revisions"}],"predecessor-version":[{"id":2817,"href":"http:\/\/www.ducops.it\/index.php\/wp-json\/wp\/v2\/pages\/335\/revisions\/2817"}],"wp:attachment":[{"href":"http:\/\/www.ducops.it\/index.php\/wp-json\/wp\/v2\/media?parent=335"}],"wp:term":[{"taxonomy":"wf_page_folders","embeddable":true,"href":"http:\/\/www.ducops.it\/index.php\/wp-json\/wp\/v2\/wf_page_folders?post=335"}],"curies":[{"name":"wp","href":"https:\/\/api.w.org\/{rel}","templated":true}]}}