{"id":338,"date":"2016-11-24T17:29:01","date_gmt":"2016-11-24T17:29:01","guid":{"rendered":"http:\/\/test.ducops.it\/?page_id=338"},"modified":"2022-02-14T12:23:31","modified_gmt":"2022-02-14T12:23:31","slug":"cleaning-2","status":"publish","type":"page","link":"http:\/\/www.ducops.it\/index.php\/cleaning-2\/","title":{"rendered":"CLEANING"},"content":{"rendered":"<p>[vc_row][vc_column][layerslider_vc id=&#8221;1&#8243;][\/vc_column][\/vc_row][vc_row][vc_column][vc_column_text]<\/p>\n<h3 style=\"text-align: justify;\">SERVIZI DI CLEANING<\/h3>\n<p style=\"text-align: justify;\"><strong><a href=\"http:\/\/www.ducops.it\/wp-content\/uploads\/certificato_ecolabel-1-1024x710.png\" target=\"_blank\" rel=\"noopener\"><img loading=\"lazy\" decoding=\"async\" class=\"alignleft wp-image-1780 size-thumbnail\" src=\"http:\/\/www.ducops.it\/wp-content\/uploads\/ecolabel_feat-150x150.jpg\" alt=\"ecolabel_feat\" width=\"150\" height=\"150\" srcset=\"http:\/\/www.ducops.it\/wp-content\/uploads\/ecolabel_feat-150x150.jpg 150w, http:\/\/www.ducops.it\/wp-content\/uploads\/ecolabel_feat-256x256.jpg 256w, http:\/\/www.ducops.it\/wp-content\/uploads\/ecolabel_feat.jpg 300w\" sizes=\"(max-width: 150px) 100vw, 150px\" \/><\/a>&#8220;La nostra impronta per non lasciare traccia&#8221;<\/strong><br \/>\nL\u2019evoluzione del mercato dei servizi ha contribuito nel tempo a migliorare la qualit\u00e0 della vita grazie alla ricerca e allo sviluppo di metodologie e tecniche innovative di pulizia e sanificazione.<br \/>\nPulito ed igiene sono il risultato di progettazioni personalizzate ed economicamente compatibili, di una organizzazione efficiente e di una dedizione al lavoro in grado di fare la differenza.<br \/>\nProgettiamo e pianifichiamo le nostre attivit\u00e0 cogliendo le esigenze e i bisogni di una utenza che necessariamente ricerca l\u2019eccellenza.<br \/>\nI clienti Ducops sono prevalentemente pubbliche Amministrazioni ed Imprese Industriali dove la nostra \u201ccultura del pulito\u201d \u00e8 in grado di coniugare qualit\u00e0 costante nel tempo e sostenibilit\u00e0 economica dei servizi.<br \/>\nLa Divisione garantisce un servizio leader nel mercato grazie anche allo sviluppo di software gestionali e di controllo oggettivo della qualit\u00e0 che vengono utilizzati in sinergia con i committenti.<\/p>\n<ul>\n<li>Soluzioni personalizzate per ogni tipo di esigenza<\/li>\n<li><a href=\"http:\/\/www.ducops.it\/index.php\/certificazioni\/\" target=\"_blank\" rel=\"noopener\">Sostenibilit\u00e0 ambientale<\/a><\/li>\n<li><a href=\"http:\/\/www.ducops.it\/index.php\/certificazioni\/\" target=\"_blank\" rel=\"noopener\">Sistemi di qualit\u00e0 certificata<\/a><\/li>\n<li><a href=\"http:\/\/www.ducops.it\/wp-content\/uploads\/certificato_ecolabel-1-1024x710.png\" target=\"_blank\" rel=\"noopener\">Certificazione Ecolabel<\/a><\/li>\n<\/ul>\n<p><i>La Pulizia Industriale se integrata ai Servizi di Logistica Industriale, contribuisce alla riduzione dei costi di manutenzione degli impianti.\u00a0<\/i>[\/vc_column_text][vc_row_inner css=&#8221;.vc_custom_1589984533965{margin-left: 100px !important;}&#8221;][vc_column_inner][vc_gallery type=&#8221;image_grid&#8221; images=&#8221;1717,1722,1804,1721,1719,1805&#8243;][vc_separator color=&#8221;black&#8221;][\/vc_column_inner][\/vc_row_inner][\/vc_column][\/vc_row][vc_row][vc_column width=&#8221;1\/2&#8243;][vc_raw_html]JTNDaWZyYW1lJTIwd2lkdGglM0QlMjI1NjAlMjIlMjBoZWlnaHQlM0QlMjIzMTUlMjIlMjBzcmMlM0QlMjJodHRwcyUzQSUyRiUyRnd3dy55b3V0dWJlLmNvbSUyRmVtYmVkJTJGS0dtcGRGMV9oeEklMjIlMjBmcmFtZWJvcmRlciUzRCUyMjAlMjIlMjBhbGxvdyUzRCUyMmFjY2VsZXJvbWV0ZXIlM0IlMjBhdXRvcGxheSUzQiUyMGVuY3J5cHRlZC1tZWRpYSUzQiUyMGd5cm9zY29wZSUzQiUyMHBpY3R1cmUtaW4tcGljdHVyZSUyMiUyMGFsbG93ZnVsbHNjcmVlbiUzRSUzQyUyRmlmcmFtZSUzRQ==[\/vc_raw_html][vc_column_text]Vogliamo raccontare in pochi secondi, cosa sono stati questi mesi di lockdown\u00a0per noi che non ci siamo mai fermati.\u00a0Ringraziamo tutti i nostri clienti che in questi mesi ci hanno continuato a dare fiducia e lo stimolo per un miglioramento continuo.[\/vc_column_text][\/vc_column][vc_column width=&#8221;1\/2&#8243;][vc_single_image image=&#8221;2775&#8243; img_size=&#8221;full&#8221; alignment=&#8221;center&#8221; onclick=&#8221;custom_link&#8221; link=&#8221;http:\/\/www.ducops.it\/index.php\/ducops-cube-sanificazione\/&#8221;][\/vc_column][\/vc_row][vc_row][vc_column][vc_separator color=&#8221;black&#8221;][vc_text_separator title=&#8221;AMBITI DI INTERVENTO&#8221;][vc_row_inner][vc_column_inner width=&#8221;1\/2&#8243;][vc_column_text]<strong>Strutture sanitarie<\/strong><br \/>\nUSL 1 Umbria<br \/>\nIstituto Cottolengo (Torino)<br \/>\nIstituto Prosperius<br \/>\nIstituto Zooprofilattico Umbria e\u00a0Marche[\/vc_column_text][\/vc_column_inner][vc_column_inner width=&#8221;1\/2&#8243;][vc_column_text]<strong>Impianti industriali\/Aziende Private<\/strong><br \/>\nRocchetta SPA<br \/>\nColussi Group<br \/>\nDeltafina<br \/>\nCoop Centro Italia[\/vc_column_text][\/vc_column_inner][\/vc_row_inner][vc_row_inner][vc_column_inner width=&#8221;1\/3&#8243;][\/vc_column_inner][vc_column_inner width=&#8221;1\/3&#8243;][\/vc_column_inner][vc_column_inner width=&#8221;1\/3&#8243;][\/vc_column_inner][\/vc_row_inner][\/vc_column][\/vc_row]<\/p>\n","protected":false},"excerpt":{"rendered":"<p>[vc_row][vc_column][layerslider_vc id=&#8221;1&#8243;][\/vc_column][\/vc_row][vc_row][vc_column][vc_column_text] SERVIZI DI CLEANING &#8220;La nostra impronta per non lasciare traccia&#8221; L\u2019evoluzione del mercato dei servizi ha contribuito nel&#8230;<\/p>\n","protected":false},"author":1,"featured_media":0,"parent":0,"menu_order":0,"comment_status":"closed","ping_status":"closed","template":"","meta":{"footnotes":""},"wf_page_folders":[13],"aioseo_notices":[],"_links":{"self":[{"href":"http:\/\/www.ducops.it\/index.php\/wp-json\/wp\/v2\/pages\/338"}],"collection":[{"href":"http:\/\/www.ducops.it\/index.php\/wp-json\/wp\/v2\/pages"}],"about":[{"href":"http:\/\/www.ducops.it\/index.php\/wp-json\/wp\/v2\/types\/page"}],"author":[{"embeddable":true,"href":"http:\/\/www.ducops.it\/index.php\/wp-json\/wp\/v2\/users\/1"}],"replies":[{"embeddable":true,"href":"http:\/\/www.ducops.it\/index.php\/wp-json\/wp\/v2\/comments?post=338"}],"version-history":[{"count":53,"href":"http:\/\/www.ducops.it\/index.php\/wp-json\/wp\/v2\/pages\/338\/revisions"}],"predecessor-version":[{"id":2818,"href":"http:\/\/www.ducops.it\/index.php\/wp-json\/wp\/v2\/pages\/338\/revisions\/2818"}],"wp:attachment":[{"href":"http:\/\/www.ducops.it\/index.php\/wp-json\/wp\/v2\/media?parent=338"}],"wp:term":[{"taxonomy":"wf_page_folders","embeddable":true,"href":"http:\/\/www.ducops.it\/index.php\/wp-json\/wp\/v2\/wf_page_folders?post=338"}],"curies":[{"name":"wp","href":"https:\/\/api.w.org\/{rel}","templated":true}]}}