{"id":53,"date":"2016-11-10T11:40:07","date_gmt":"2016-11-10T11:40:07","guid":{"rendered":"http:\/\/test.ducops.it\/?page_id=53"},"modified":"2023-05-02T10:56:42","modified_gmt":"2023-05-02T10:56:42","slug":"certificazioni","status":"publish","type":"page","link":"http:\/\/www.ducops.it\/index.php\/certificazioni\/","title":{"rendered":"Certificazioni"},"content":{"rendered":"<p>[vc_row][vc_column][layerslider_vc id=&#8221;2&#8243;][vc_row_inner][vc_column_inner][vc_column_text]<\/p>\n<h3 style=\"text-align: justify;\">CERTIFICAZIONI<\/h3>\n<p>[\/vc_column_text][\/vc_column_inner][\/vc_row_inner][\/vc_column][\/vc_row][vc_row][vc_column width=&#8221;1\/2&#8243;][vc_text_separator title=&#8221;ISO 9001&#8243;][vc_column_text]<\/p>\n<div id=\"contentCenter\">\n<div class=\"contentSX\">\n<p style=\"text-align: justify;\"><strong>Qualit\u00e0 significa capacit\u00e0 di soddisfare esigenze, di tipo morale e materiale, sociale ed economico, proprie della vita civile e produttiva, opportunamente identificate e tradotte in determinati requisiti concreti e misurabili.<\/strong> Le esigenze che la qualit\u00e0 soddisfa possono essere di carattere primario, connesse cio\u00e8 con bisogni fondamentali, quali la sicurezza e la salute delle persone, o di natura accessoria, relative allo sviluppo del sistema economico e al benessere della societ\u00e0. La nostra azienda ritiene che la qualit\u00e0 sia una reale esigenza di tipo organizzativo da praticare e condividere.<\/p>\n<\/div>\n<\/div>\n<p>[\/vc_column_text][\/vc_column][vc_column width=&#8221;1\/2&#8243;][vc_text_separator title=&#8221;ISO 45001&#8243;][vc_column_text]<\/p>\n<div id=\"contentCenter\">\n<div class=\"contentSX\">\n<p>Parlare di sicurezza \u00e8 molto pi\u00f9 semplice che \u201cfare\u201d sicurezza. La nostra filosofia del fare ci porta a curare continuamente l\u2019informazione e l\u2019aggiornamento del nostro personale e a garantire il cliente in ogni fase del processo di erogazione del servizio. <strong>Ducops tiene sotto controllo i rischi legati alla salute e sicurezza sul lavoro per ridurre il numero di potenziali incidenti ed essere conforme alla legislazione vigente<\/strong> migliorando in modo continuo le proprie performance. Competitivit\u00e0 nella responsabilit\u00e0 \u00e8 la regole della nostra azione.<\/p>\n<\/div>\n<\/div>\n<p>[\/vc_column_text][\/vc_column][\/vc_row][vc_row][vc_column width=&#8221;1\/6&#8243;][vc_column_text]<\/p>\n<h5 style=\"text-align: center;\">Certificazione 9001<\/h5>\n<p>[\/vc_column_text]<div class=\"centered-box\"><div class=\"sc-icon sc-icon-size-medium angle-90deg sc-icon-shape-square sc-simple-icon\" style=\"\"><a href=\"http:\/\/www.ducops.it\/wp-content\/uploads\/CERTIFICATO_UNI-EN-ISO-9001-em-2.pdf\" target=\"_blank\"><span class=\"sc-icon-half-1\" style=\"color: #a5a5a5;\"><span class=\"back-angle\">&#xe7de;<\/span><\/span><span class=\"sc-icon-half-2\" style=\"color: #828282;\"><span class=\"back-angle\">&#xe7de;<\/span><\/span><\/a><\/div><\/div>[\/vc_column][vc_column width=&#8221;1\/6&#8243;][\/vc_column][vc_column width=&#8221;1\/6&#8243;][\/vc_column][vc_column width=&#8221;1\/6&#8243;][vc_column_text]<\/p>\n<h5 style=\"text-align: center;\">Certificazione 45001<\/h5>\n<p>[\/vc_column_text]<div class=\"centered-box\"><div class=\"sc-icon sc-icon-size-medium angle-90deg sc-icon-shape-square sc-simple-icon\" style=\"\"><a href=\"http:\/\/www.ducops.it\/wp-content\/uploads\/CERTIFICATO_UNI-ISO-45001-EM-2.pdf\" target=\"_blank\"><span class=\"sc-icon-half-1\" style=\"color: #a5a5a5;\"><span class=\"back-angle\">&#xe7de;<\/span><\/span><span class=\"sc-icon-half-2\" style=\"color: #828282;\"><span class=\"back-angle\">&#xe7de;<\/span><\/span><\/a><\/div><\/div>[\/vc_column][vc_column width=&#8221;1\/6&#8243;][\/vc_column][vc_column width=&#8221;1\/6&#8243;][\/vc_column][\/vc_row][vc_row][vc_column][vc_empty_space height=&#8221;50px&#8221;][vc_separator][vc_empty_space height=&#8221;50px&#8221;][\/vc_column][\/vc_row][vc_row][vc_column width=&#8221;1\/2&#8243;][vc_text_separator title=&#8221;SA 8000&#8243;][vc_column_text]<\/p>\n<p style=\"text-align: justify;\">La nostra impresa \u00e8 da sempre impegnata nella promozione e pratica di valori etici e sociali nei confronti dei lavoratori, dei clienti e del territorio, quali:<\/p>\n<ul>\n<li style=\"text-align: justify;\"><strong>Rispetto dei diritti umani<\/strong><\/li>\n<li style=\"text-align: justify;\"><strong>Rispetto dei diritti dei lavoratori<\/strong><\/li>\n<li style=\"text-align: justify;\"><strong>Tutela contro lo sfruttamento dei minori<\/strong><\/li>\n<li style=\"text-align: justify;\"><strong>Sicurezza e salubrit\u00e0 sul posto di lavoro<\/strong><\/li>\n<li style=\"text-align: justify;\"><strong>Pari opportunit\u00e0<\/strong><\/li>\n<\/ul>\n<p>[\/vc_column_text][\/vc_column][vc_column width=&#8221;1\/2&#8243;][vc_text_separator title=&#8221;ISO 37001&#8243;][vc_column_text]<\/p>\n<div class=\"page\" title=\"Page 1\">\n<div class=\"layoutArea\">\n<div class=\"column\">\n<p>Progettazione ed erogazione di servizi di logistica industriale. Erogazione di servizi di assemblaggio, confezionamento e cernita su specifiche del committente. Progettazione ed erogazione di servizi di pulizie e sanificazioni industriali, civili e di strutture ospedaliere. Pulizie, sanificazioni e rifacimento camere in ambito alberghiero.<\/p>\n<\/div>\n<\/div>\n<\/div>\n<p>[\/vc_column_text][\/vc_column][\/vc_row][vc_row][vc_column width=&#8221;1\/6&#8243;][vc_column_text]<\/p>\n<h5 style=\"text-align: center;\">Certificazione\u00a0SA 8000<\/h5>\n<p>[\/vc_column_text]<div class=\"centered-box\"><div class=\"sc-icon sc-icon-size-medium angle-90deg sc-icon-shape-square sc-simple-icon\" style=\"\"><a href=\"http:\/\/www.ducops.it\/wp-content\/uploads\/CERTIFICATO-SA8000-N.-302320.pdf\" target=\"_blank\"><span class=\"sc-icon-half-1\" style=\"color: #a5a5a5;\"><span class=\"back-angle\">&#xe7de;<\/span><\/span><span class=\"sc-icon-half-2\" style=\"color: #828282;\"><span class=\"back-angle\">&#xe7de;<\/span><\/span><\/a><\/div><\/div>[\/vc_column][vc_column width=&#8221;1\/6&#8243;][vc_column_text]<\/p>\n<h5 style=\"text-align: center;\">Social Performance Team<\/h5>\n<p>[\/vc_column_text]<div class=\"centered-box\"><div class=\"sc-icon sc-icon-size-medium angle-90deg sc-icon-shape-square sc-simple-icon\" style=\"\"><a href=\"http:\/\/www.ducops.it\/wp-content\/uploads\/Social-Performace-Team-Ducops.pdf\" target=\"_blank\"><span class=\"sc-icon-half-1\" style=\"color: #a5a5a5;\"><span class=\"back-angle\">&#xe7de;<\/span><\/span><span class=\"sc-icon-half-2\" style=\"color: #828282;\"><span class=\"back-angle\">&#xe7de;<\/span><\/span><\/a><\/div><\/div>[\/vc_column][vc_column width=&#8221;1\/6&#8243;][vc_column_text]<\/p>\n<h5 style=\"text-align: center;\">Politica Integrata<\/h5>\n<p>[\/vc_column_text]<div class=\"centered-box\"><div class=\"sc-icon sc-icon-size-medium angle-90deg sc-icon-shape-square sc-simple-icon\" style=\"\"><a href=\"http:\/\/www.ducops.it\/wp-content\/uploads\/Politica_integrat_Rev04_MS.pdf\" target=\"_blank\"><span class=\"sc-icon-half-1\" style=\"color: #a5a5a5;\"><span class=\"back-angle\">&#xe7de;<\/span><\/span><span class=\"sc-icon-half-2\" style=\"color: #828282;\"><span class=\"back-angle\">&#xe7de;<\/span><\/span><\/a><\/div><\/div>[\/vc_column][vc_column width=&#8221;1\/6&#8243;][vc_column_text]<\/p>\n<h5 style=\"text-align: center;\">Certificazione 37001<\/h5>\n<p>[\/vc_column_text]<div class=\"centered-box\"><div class=\"sc-icon sc-icon-size-medium angle-90deg sc-icon-shape-square sc-simple-icon\" style=\"\"><a href=\"http:\/\/www.ducops.it\/wp-content\/uploads\/CERTIFICATO_UNI-ISO-37001-em-1.pdf\" target=\"_blank\"><span class=\"sc-icon-half-1\" style=\"color: #a5a5a5;\"><span class=\"back-angle\">&#xe7de;<\/span><\/span><span class=\"sc-icon-half-2\" style=\"color: #828282;\"><span class=\"back-angle\">&#xe7de;<\/span><\/span><\/a><\/div><\/div>[\/vc_column][vc_column width=&#8221;1\/6&#8243;][\/vc_column][vc_column width=&#8221;1\/6&#8243;][\/vc_column][\/vc_row][vc_row][vc_column][vc_empty_space height=&#8221;50px&#8221;][vc_separator][vc_empty_space height=&#8221;50px&#8221;][\/vc_column][\/vc_row][vc_row][vc_column width=&#8221;1\/2&#8243;][vc_text_separator title=&#8221;ISO 14001&#8243;][vc_column_text]<\/p>\n<div id=\"contentCenter\">\n<div class=\"contentSX\">\n<div>\n<p>Le esigenze di qualit\u00e0 ambientale appartengono certamente alla categoria dei bisogni primari e come tali sono tutelate, in prima istanza, dalle leggi nazionali e comunitarie.<br \/>\nLa qualit\u00e0 ambientale perseguita da Ducops, nel rispetto delle norme cogenti, si traduce nella definizione di obiettivi \u201cdinamici\u201d volti al miglioramento continuo delle prestazioni per ridurre l\u2019impatto ambientale dei propri servizi.<br \/>\n<strong>Ducops ha perci\u00f2 strutturato il proprio sistema organizzativo integrando il modello di qualit\u00e0 aziendale con gli indirizzi dettati dalla norma UNI EN ISO 14001<\/strong><\/p>\n<\/div>\n<\/div>\n<\/div>\n<p>[\/vc_column_text][\/vc_column][vc_column width=&#8221;1\/2&#8243;][\/vc_column][\/vc_row][vc_row][vc_column width=&#8221;1\/4&#8243;][\/vc_column][vc_column width=&#8221;1\/4&#8243;][\/vc_column][vc_column width=&#8221;1\/4&#8243;][\/vc_column][vc_column width=&#8221;1\/4&#8243;][\/vc_column][\/vc_row]<\/p>\n","protected":false},"excerpt":{"rendered":"<p>[vc_row][vc_column][layerslider_vc id=&#8221;2&#8243;][vc_row_inner][vc_column_inner][vc_column_text] CERTIFICAZIONI [\/vc_column_text][\/vc_column_inner][\/vc_row_inner][\/vc_column][\/vc_row][vc_row][vc_column width=&#8221;1\/2&#8243;][vc_text_separator title=&#8221;ISO 9001&#8243;][vc_column_text] Qualit\u00e0 significa capacit\u00e0 di soddisfare esigenze, di tipo morale e materiale, sociale ed&#8230;<\/p>\n","protected":false},"author":1,"featured_media":0,"parent":0,"menu_order":0,"comment_status":"closed","ping_status":"closed","template":"","meta":{"footnotes":""},"wf_page_folders":[13],"aioseo_notices":[],"_links":{"self":[{"href":"http:\/\/www.ducops.it\/index.php\/wp-json\/wp\/v2\/pages\/53"}],"collection":[{"href":"http:\/\/www.ducops.it\/index.php\/wp-json\/wp\/v2\/pages"}],"about":[{"href":"http:\/\/www.ducops.it\/index.php\/wp-json\/wp\/v2\/types\/page"}],"author":[{"embeddable":true,"href":"http:\/\/www.ducops.it\/index.php\/wp-json\/wp\/v2\/users\/1"}],"replies":[{"embeddable":true,"href":"http:\/\/www.ducops.it\/index.php\/wp-json\/wp\/v2\/comments?post=53"}],"version-history":[{"count":55,"href":"http:\/\/www.ducops.it\/index.php\/wp-json\/wp\/v2\/pages\/53\/revisions"}],"predecessor-version":[{"id":2921,"href":"http:\/\/www.ducops.it\/index.php\/wp-json\/wp\/v2\/pages\/53\/revisions\/2921"}],"wp:attachment":[{"href":"http:\/\/www.ducops.it\/index.php\/wp-json\/wp\/v2\/media?parent=53"}],"wp:term":[{"taxonomy":"wf_page_folders","embeddable":true,"href":"http:\/\/www.ducops.it\/index.php\/wp-json\/wp\/v2\/wf_page_folders?post=53"}],"curies":[{"name":"wp","href":"https:\/\/api.w.org\/{rel}","templated":true}]}}