{"id":535,"date":"2017-03-13T14:54:02","date_gmt":"2017-03-13T14:54:02","guid":{"rendered":"http:\/\/test.ducops.it\/?page_id=535"},"modified":"2017-03-13T14:55:57","modified_gmt":"2017-03-13T14:55:57","slug":"housekeeping_dem","status":"publish","type":"page","link":"http:\/\/www.ducops.it\/index.php\/housekeeping_dem\/","title":{"rendered":"Housekeeping_dem"},"content":{"rendered":"<p>[vc_row][vc_column][layerslider_vc id=&#8221;1&#8243;][\/vc_column][\/vc_row][vc_row][vc_column][vc_column_text]<\/p>\n<h3 style=\"text-align: justify;\">HOUSEKEEPING<\/h3>\n<p><strong>&#8220;Dai valore al tuo Hotel&#8221;<\/strong><\/p>\n<p><strong>Vantaggi<\/strong><\/p>\n<p>Con l\u2019affidamento dei servizi alberghieri in Outsourcing, saremo noi con le nostre competenze, a gestire per voi i seguenti impegni quotidiani:<br \/>\n1) Ricerca, Selezione e Gestione Amministrativa del personale.\u2028Pianificazione e organizzazione del personale addetto: gestione turni, ferie e malattie, pagamenti buste paghe, pagamenti contributivi.<br \/>\nContinui aggiornamenti del personale con corsi per la sicurezza, corsi di formazione e training.<br \/>\n2) Riduzione dei costi fissi trasformandoli in costi variabili, ottimizzando la gestione del personale in base ai reali periodi di occupazione della struttura.<br \/>\n3) Eliminazione delle spese per attrezzature e prodotti di consumo, che saranno interamente a nostro carico, eco-sostenibili (nel rispetto delle norme UNI ISO 14001).<br \/>\n4) Organizzazione dei servizi con un nostro Referente Unico (Capo Servizio), che si occuper\u00e0 di gestire il personale presso la vostra struttura.<br \/>\n5) Assistenza e Consulenza del nostro Facility Manager che vi aiuter\u00e0 ad analizzare le esigenze e lo sviluppo del servizio in Outsourcing.<\/p>\n<p><strong>Formula Zero Rischi<\/strong><\/p>\n<p>Grazie alla FORMULA ZERO RISCHI, il tuo contratto sar\u00e0 sempre diretto con Ducops.<br \/>\nQuesto \u00e8 un punto di fondamentale importanza per quanto riguarda la Responsabilit\u00e0 Solidale tra committente, appaltatore e subappaltatore circa gli oneri di carattere retributivo contributivo e fiscale. (dall\u2019art. 29, co. 2, D.Lgs. 10 settembre 2003, n. 276)<br \/>\nDucops \u00e8 tra le pochissime realt\u00e0 che ogni mese insieme alla fatturazione fornisce tutta la documentazione sulla Sicurezza, Durc, Fideiussioni.<br \/>\nIl tutto ulteriormente certificato da un nostro Atto di Notoriet\u00e0.<\/p>\n<p><strong>Personale stabile<\/strong><\/p>\n<p>Il nostro modello organizzativo, in ottemperanza alle norme vigenti, \u00e8 basato su procedure operative ed istruzioni di lavoro mirate alla formazione del personale.<br \/>\nLa presenza sul territorio, ci permette la disponibilit\u00e0 di operatori qualificati e dedicati per ogni struttura.<br \/>\nCi\u00f2 consente una continuit\u00e0 del personale impiegato, garanzia di costanza nella qualit\u00e0 del servizio reso.[\/vc_column_text][\/vc_column][\/vc_row]<\/p>\n","protected":false},"excerpt":{"rendered":"<p>[vc_row][vc_column][layerslider_vc id=&#8221;1&#8243;][\/vc_column][\/vc_row][vc_row][vc_column][vc_column_text] HOUSEKEEPING &#8220;Dai valore al tuo Hotel&#8221; Vantaggi Con l\u2019affidamento dei servizi alberghieri in Outsourcing, saremo noi con le&#8230;<\/p>\n","protected":false},"author":1,"featured_media":0,"parent":0,"menu_order":0,"comment_status":"closed","ping_status":"closed","template":"","meta":{"footnotes":""},"wf_page_folders":[13],"aioseo_notices":[],"_links":{"self":[{"href":"http:\/\/www.ducops.it\/index.php\/wp-json\/wp\/v2\/pages\/535"}],"collection":[{"href":"http:\/\/www.ducops.it\/index.php\/wp-json\/wp\/v2\/pages"}],"about":[{"href":"http:\/\/www.ducops.it\/index.php\/wp-json\/wp\/v2\/types\/page"}],"author":[{"embeddable":true,"href":"http:\/\/www.ducops.it\/index.php\/wp-json\/wp\/v2\/users\/1"}],"replies":[{"embeddable":true,"href":"http:\/\/www.ducops.it\/index.php\/wp-json\/wp\/v2\/comments?post=535"}],"version-history":[{"count":2,"href":"http:\/\/www.ducops.it\/index.php\/wp-json\/wp\/v2\/pages\/535\/revisions"}],"predecessor-version":[{"id":537,"href":"http:\/\/www.ducops.it\/index.php\/wp-json\/wp\/v2\/pages\/535\/revisions\/537"}],"wp:attachment":[{"href":"http:\/\/www.ducops.it\/index.php\/wp-json\/wp\/v2\/media?parent=535"}],"wp:term":[{"taxonomy":"wf_page_folders","embeddable":true,"href":"http:\/\/www.ducops.it\/index.php\/wp-json\/wp\/v2\/wf_page_folders?post=535"}],"curies":[{"name":"wp","href":"https:\/\/api.w.org\/{rel}","templated":true}]}}