{"id":71,"date":"2016-11-10T12:27:04","date_gmt":"2016-11-10T12:27:04","guid":{"rendered":"http:\/\/test.ducops.it\/?page_id=71"},"modified":"2016-11-24T18:39:49","modified_gmt":"2016-11-24T18:39:49","slug":"housekeeping","status":"publish","type":"page","link":"http:\/\/www.ducops.it\/index.php\/housekeeping\/","title":{"rendered":"Housekeeping"},"content":{"rendered":"<p>[vc_row][vc_column][layerslider_vc id=&#8221;3&#8243;][\/vc_column][\/vc_row][vc_row][vc_column][vc_column_text]<\/p>\n<h3 style=\"text-align: justify;\"><b>Housekeeping<\/b><\/h3>\n<p style=\"text-align: justify;\"><em>Ducops, Una storia italiana dal 1975.<\/em><br \/>\nSiamo una storia tutta italiana e ci teniamo a dirlo perch\u00e9 oltre 40 anni fa i fondatori capirono fin da subito che la Pulizia non era un costo ma un Valore Assoluto.<br \/>\nSu questa linea ci siamo evoluti differenziandoci dai competitors per qualit\u00e0 ed affidabilit\u00e0,\u00a0 diventando cos\u00ec leader in ogni settore delle Pulizie su tutto il territorio nazionale.<\/p>\n<p style=\"text-align: justify;\"><b>Housekeeping &amp; Facility<\/b> \u00e8 la nostra linea di servizi professionali per il settore alberghiero che abbiamo ideato e realizzato per andare incontro ad ogni esigenza della vita quotidiana di un Hotel. Grazie alla professionalit\u00e0 raggiunta dal nostro personale, siamo oggi in grado soddisfare ogni esigenza calibrando l\u2019offerta su ogni diversa necessit\u00e0, arrivando fino a fare consulenze mirate e terziarizzazione. Questo elevato standard di competenze e qualit\u00e0 \u00e8 riconosciuto dalle nostre certificazioni che siamo tra i pochissimi ad avere sul territorio nazionale:<br \/>\n<strong>UNI EN ISO 9001:2008, UNI EN ISO 14001:2004, OHSAS 18001:2007, SA 8000:2008<\/strong>.<\/p>\n<p>[\/vc_column_text][\/vc_column][\/vc_row][vc_row][vc_column width=&#8221;1\/2&#8243;][vc_column_text]<\/p>\n<h3 style=\"text-align: justify;\">Servizi<\/h3>\n<p style=\"text-align: justify;\">Affidare la gestione dei servizi alberghieri ad una societ\u00e0 di Outsourcing come Ducops, vuol dire elevare i propri standard di qualit\u00e0. Questo vi permetter\u00e0\u00a0di concentrare forze e risorse nella cura del cliente sapendo di aver affidato a dei professionisti i seguenti servizi:<\/p>\n<ul>\n<li style=\"text-align: justify;\">Pulizia e rifacimento camere<\/li>\n<li style=\"text-align: justify;\">Pulizia delle aree comuni e vetri fino a 13 metri di altezza<\/li>\n<li style=\"text-align: justify;\">Pulizia Spa, Bagno Turco e Saune<\/li>\n<li style=\"text-align: justify;\">Pulizia Piscine<\/li>\n<li style=\"text-align: justify;\">Facchinaggio<\/li>\n<li style=\"text-align: justify;\">Pulizie e Sanificazioni (Sanificazione ad Ozono, Disinfezione con Perossido di Idrogeno, Disinfestazione con vapore secco saturo, Disinfestazione servizi igienici)<\/li>\n<li style=\"text-align: justify;\">Trattamenti\u00a0 specialistici per ogni superfice (mobile di pregio, cotto, parquet, marmo)<\/li>\n<li style=\"text-align: justify;\">Gestione servizio prime colazioni, plonge<\/li>\n<\/ul>\n<p>[\/vc_column_text][\/vc_column][vc_column width=&#8221;1\/2&#8243;][vc_column_text]<\/p>\n<h3 style=\"text-align: justify;\">Vantaggi<\/h3>\n<p>Con l\u2019affidamento dei servizi alberghieri in Outsourcing, saremo noi con le nostre competenze, a gestire per voi i seguenti impegni quotidiani:<\/p>\n<ol>\n<li><b>Ricerca, Selezione e Gestione Amministrativa del personale.<br \/>\n<\/b>Pianificazione e organizzazione del personale addetto: gestione turni, ferie e malattie, pagamenti buste paghe, pagamenti contributivi.<br \/>\nContinui aggiornamenti del personale con corsi per la sicurezza, corsi di formazione e training.<\/li>\n<li><b>Riduzione dei costi fissi<\/b> trasformandoli in costi\u00a0variabili, ottimizzando\u00a0la gestione del personale in base ai reali periodi di occupazione della struttura.<\/li>\n<li><b>Eliminazione delle spese per\u00a0attrezzature e prodotti di consumo<\/b>, che saranno interamente a nostro carico,\u00a0eco-sostenibili (nel rispetto delle norme UNI ISO 14001).<\/li>\n<li><b>Organizzazione dei servizi con un nostro Referente Unico (Capo Servizio)<\/b>, che si occuper\u00e0 di gestire il personale presso la vostra struttura.<\/li>\n<li><b>Assistenza e Consulenza del\u00a0nostro Facility Manager<\/b> che vi aiuter\u00e0 ad analizzare le esigenze e lo sviluppo\u00a0del servizio in Outsourcing.<\/li>\n<\/ol>\n<p>[\/vc_column_text][\/vc_column][\/vc_row][vc_row][vc_column width=&#8221;1\/2&#8243;][vc_column_text]<\/p>\n<h3 style=\"text-align: justify;\">Formula Zero Rischi<\/h3>\n<p style=\"text-align: justify;\">Grazie alla\u00a0 <b>FORMULA ZERO RISCHI<\/b>, il tuo contratto sar\u00e0 sempre diretto con Ducops.<\/p>\n<p style=\"text-align: justify;\">Questo \u00e8 un punto di fondamentale \u00a0importanza per quanto riguarda la Responsabilit\u00e0 Solidale tra committente, appaltatore e subappaltatore circa gli oneri di carattere retributivo contributivo e fiscale. (dall\u2019art. 29, co. 2, D.Lgs. 10 settembre 2003, n. 276)<\/p>\n<p style=\"text-align: justify;\">Ducops \u00e8 tra le pochissime realt\u00e0 che ogni mese insieme alla fatturazione fornisce tutta la documentazione sulla Sicurezza, Durc, Fideiussioni.<br \/>\n<b>Il tutto ulteriormente certificato da un nostro Atto di Notoriet\u00e0.<\/b><\/p>\n<p>[\/vc_column_text][\/vc_column][vc_column width=&#8221;1\/2&#8243;][vc_column_text]<\/p>\n<h3 style=\"text-align: justify;\">Personale stabile<\/h3>\n<p style=\"text-align: justify;\">Il nostro modello organizzativo, in ottemperanza alle norme vigenti, \u00e8 basato su procedure operative ed istruzioni di lavoro mirate alla formazione del personale.<\/p>\n<p style=\"text-align: justify;\">La presenza sul territorio, ci permette la disponibilit\u00e0 di operatori qualificati e dedicati per ogni struttura.<\/p>\n<p style=\"text-align: justify;\">Ci\u00f2 consente una continuit\u00e0 del personale impiegato, garanzia di costanza nella qualit\u00e0 del servizio reso.<\/p>\n<p>[\/vc_column_text][\/vc_column][\/vc_row][vc_row][vc_column][vc_text_separator title=&#8221; CONTATTI DUCOPS DIVISIONE HOTEL &#8220;][\/vc_column][\/vc_row][vc_row][vc_column width=&#8221;1\/2&#8243;][vc_column_text css=&#8221;.vc_custom_1478962894849{padding-top: 15px !important;padding-right: 15px !important;padding-bottom: 15px !important;padding-left: 15px !important;background-color: #f2f2f2 !important;border-radius: 3px !important;}&#8221;]<\/p>\n<div id=\"contentCenter\">\n<div class=\"contentSX\">\n<p style=\"text-align: center;\">Facility Manager <b>Costantino Varsalona<br \/>\n<\/b><a href=\"mailto:c.varsalona@ducops.it\">c.varsalona@ducops.it<\/a><\/p>\n<\/div>\n<\/div>\n<p>[\/vc_column_text][\/vc_column][vc_column width=&#8221;1\/2&#8243;][vc_column_text css=&#8221;.vc_custom_1478962905078{padding-top: 15px !important;padding-right: 15px !important;padding-bottom: 15px !important;padding-left: 15px !important;background-color: #f2f2f2 !important;border-radius: 3px !important;}&#8221;]<\/p>\n<div id=\"contentCenter\">\n<div class=\"contentSX\">\n<p style=\"text-align: center;\">Relationship Manager <b>Francesca Raffaele<br \/>\n<\/b><a href=\"mailto:f.raffaele@ducops.it\">f.raffaele@ducops.it<\/a><\/p>\n<\/div>\n<\/div>\n<p>[\/vc_column_text][\/vc_column][\/vc_row]<\/p>\n","protected":false},"excerpt":{"rendered":"<p>[vc_row][vc_column][layerslider_vc id=&#8221;3&#8243;][\/vc_column][\/vc_row][vc_row][vc_column][vc_column_text] Housekeeping Ducops, Una storia italiana dal 1975. Siamo una storia tutta italiana e ci teniamo a dirlo perch\u00e9&#8230;<\/p>\n","protected":false},"author":1,"featured_media":0,"parent":0,"menu_order":0,"comment_status":"closed","ping_status":"closed","template":"","meta":{"footnotes":""},"wf_page_folders":[13],"aioseo_notices":[],"_links":{"self":[{"href":"http:\/\/www.ducops.it\/index.php\/wp-json\/wp\/v2\/pages\/71"}],"collection":[{"href":"http:\/\/www.ducops.it\/index.php\/wp-json\/wp\/v2\/pages"}],"about":[{"href":"http:\/\/www.ducops.it\/index.php\/wp-json\/wp\/v2\/types\/page"}],"author":[{"embeddable":true,"href":"http:\/\/www.ducops.it\/index.php\/wp-json\/wp\/v2\/users\/1"}],"replies":[{"embeddable":true,"href":"http:\/\/www.ducops.it\/index.php\/wp-json\/wp\/v2\/comments?post=71"}],"version-history":[{"count":13,"href":"http:\/\/www.ducops.it\/index.php\/wp-json\/wp\/v2\/pages\/71\/revisions"}],"predecessor-version":[{"id":298,"href":"http:\/\/www.ducops.it\/index.php\/wp-json\/wp\/v2\/pages\/71\/revisions\/298"}],"wp:attachment":[{"href":"http:\/\/www.ducops.it\/index.php\/wp-json\/wp\/v2\/media?parent=71"}],"wp:term":[{"taxonomy":"wf_page_folders","embeddable":true,"href":"http:\/\/www.ducops.it\/index.php\/wp-json\/wp\/v2\/wf_page_folders?post=71"}],"curies":[{"name":"wp","href":"https:\/\/api.w.org\/{rel}","templated":true}]}}