{"id":319,"date":"2016-11-14T10:56:09","date_gmt":"2016-11-14T10:56:09","guid":{"rendered":"http:\/\/test.ducops.it\/?page_id=319"},"modified":"2024-01-02T12:42:20","modified_gmt":"2024-01-02T12:42:20","slug":"etica-e-legalita","status":"publish","type":"page","link":"https:\/\/www.ducops.it\/index.php\/etica-e-legalita\/","title":{"rendered":"Etica, Legalit\u00e0 e Whistleblowing"},"content":{"rendered":"<p>[vc_row][vc_column][layerslider_vc id=&#8221;1&#8243;][vc_column_text]<\/p>\n<h3 style=\"text-align: justify;\">ETICA E LEGALITA&#8217;<\/h3>\n<p style=\"text-align: justify;\">Il Decreto Legislativo 8 giugno 2001, n. 231 recante la \u201cDisciplina della responsabilit\u00e0 amministrativa delle persone giuridiche, delle societ\u00e0 e delle associazioni anche prive di personalit\u00e0 giuridica\u201d, ha introdotto nell\u2019ordinamento giuridico italiano un regime di responsabilit\u00e0 amministrativa (assimilabile sostanzialmente alla responsabilit\u00e0 penale) a carico degli enti, che si aggiunge a quella penale della persona fisica che ha commesso il reato.<\/p>\n<p>Siamo coscienti che la commissione dei reati contemplati dal D. Lgs. 231\/2001 costituirebbe una violazione dei principi etici che osserviamo nelle relazioni con tutti i nostri stakeholder, ponendosi in primis in contrasto con lo scopo mutualistico che caratterizza il nostro agire d\u2019impresa.<\/p>\n<p>Per tale motivo, abbiamo intrapreso il processo di implementazione del Modello di Organizzazione, Gestione e Controllo (di seguito \u201cModello 231\u201d) secondo le Linee Guida ANCPL aggiornate al febbraio 2013 con l\u2019obiettivo di costruire un efficace sistema di controllo preventivo, giungendo a dotarci del Modello in data 30 novembre 2016. In data 6 ottobre 2023, il modello \u00e8 stato aggiornato ed implementato alla luce degli aggiornamenti legislativi sopravvenuti.<\/p>\n<p>Crediamo fortemente che l\u2019adozione del Modello 231 e la sua efficace attuazione siano garanzia di rigore e di trasparenza e contribuiscano a sviluppare il senso di responsabilit\u00e0 nei rapporti interni e con il mondo esterno.<\/p>\n<p>I principi etici a cui quotidianamente ci ispiriamo nella gestione delle attivit\u00e0 aziendali sono stati formalizzati all\u2019interno di un Codice Etico, anche in considerazione dei comportamenti che possono determinare la commissione dei reati previsti dal D. Lgs. 231\/200.<\/p>\n<p>Il Modello 231 integra infatti come elementi essenziali, oltre al Codice Etico, specifici protocolli procedimentali e controlli documentali che rendono ogni processo improntato alla massima trasparenza e correttezza. Ne \u00e8 la prova il Rating di Legalit\u00e0 conferito alla nostra azienda.<\/p>\n<ul>\n<li><strong><a href=\"http:\/\/www.ducops.it\/wp-content\/uploads\/MOG-231-PARTE-GENERALE.pdf\" target=\"_blank\" rel=\"noopener\">MOG 231 &#8211; Parte Generale<\/a><\/strong><\/li>\n<li><strong><a href=\"http:\/\/www.ducops.it\/wp-content\/uploads\/CODICE-ETICO.pdf\" target=\"_blank\" rel=\"noopener\">Codice Etico<\/a><\/strong><\/li>\n<\/ul>\n<p>Il compito di vigilare sull&#8217;osservanza e sulla efficace attuazione del MOG 231 \u00e8 affidato all&#8217;organismo di vigilanza nominato da Ducops Service Soc. Coop. e dotato di autonomi poteri di iniziativa, controllo e proposta dell&#8217;azione disciplinare.<\/p>\n<p>Eventuali segnalazioni aventi ad oggetto il sospetto di violazione o la violazione del modello, possono essere inviate all&#8217;O.d.V. alla seguente email: <a href=\"mailto:organismovigilanza@ducops.it\" target=\"_blank\" rel=\"noopener\"><span style=\"color: #33cccc;\">organismovigilanza@ducops.it<\/span><\/a> oppure tramite posta ordinaria a:<\/p>\n<p>Organismo di Vigilanza c\/o Ducops Service Soc.Coop<br \/>\nVia Flaminia km.186,700<br \/>\n06023, Gualdo Tadino (PG)[\/vc_column_text][vc_empty_space height=&#8221;20px&#8221;][vc_separator color=&#8221;black&#8221;][vc_empty_space height=&#8221;20px&#8221;][vc_column_text]<\/p>\n<h3 style=\"text-align: justify;\">WHISTLEBLOWING<\/h3>\n<p>In attuazione della Direttiva (UE) 2019\/1937 del 23 ottobre 2019, a decorrere dal 30 marzo 2023 \u00e8 entrato in vigore il Decreto legislativo 10 marzo 2023 n. 24, recante la disciplina per \u201cla protezione delle persone che segnalano violazioni del diritto dell&#8217;Unione e recante disposizioni riguardanti la protezione delle persone che segnalano violazioni delle disposizioni normative nazionali\u201d.<\/p>\n<p>ANAC, inoltre, con Delibera n. 311 del 12 luglio 2023, ha approvato proprie \u201cLinee guida in materia di protezione delle persone che segnalano violazioni del diritto dell\u2019Unione e protezione delle persone che segnalano violazioni delle disposizioni normative nazionali. Procedure per la presentazione e gestione delle segnalazioni esterne\u201d.<\/p>\n<p>Ducops Service, in attuazione del citato Decreto Legislativo, ha attivato il proprio canale interno per la trasmissione delle segnalazioni.<\/p>\n<p>In particolare, il software in cloud messo a disposizione per la segnalazione di illeciti \u201cWhistleblowing\u201d, nel rispetto di quanto disposto dalla normativa vigente in materia, \u00e8 il seguente:<span style=\"color: #33cccc;\"> <a style=\"color: #33cccc;\" href=\"https:\/\/whistleblowing.dataservices.it\/DUCOPS\" target=\"_blank\" rel=\"noopener\">https:\/\/whistleblowing.dataservices.it\/DUCOPS<\/a><\/span><\/p>\n<ul>\n<li><span style=\"color: #33cccc;\"><a style=\"color: #33cccc;\" href=\"https:\/\/www.ducops.it\/wp-content\/uploads\/Regolamento_interno_in_materia_di_Whistleblowing.pdf\" target=\"_blank\" rel=\"noopener\"><strong>Regolamento Interno in materia di WHISTLEBLOWING (in Pdf)<\/strong><\/a><\/span><\/li>\n<\/ul>\n<p>[\/vc_column_text][\/vc_column][\/vc_row]<\/p>\n","protected":false},"excerpt":{"rendered":"<p>[vc_row][vc_column][layerslider_vc id=&#8221;1&#8243;][vc_column_text] ETICA E LEGALITA&#8217; Il Decreto Legislativo 8 giugno 2001, n. 231 recante la \u201cDisciplina della responsabilit\u00e0 amministrativa delle&#8230;<\/p>\n","protected":false},"author":1,"featured_media":0,"parent":0,"menu_order":0,"comment_status":"closed","ping_status":"closed","template":"","meta":{"footnotes":""},"wf_page_folders":[13],"aioseo_notices":[],"_links":{"self":[{"href":"https:\/\/www.ducops.it\/index.php\/wp-json\/wp\/v2\/pages\/319"}],"collection":[{"href":"https:\/\/www.ducops.it\/index.php\/wp-json\/wp\/v2\/pages"}],"about":[{"href":"https:\/\/www.ducops.it\/index.php\/wp-json\/wp\/v2\/types\/page"}],"author":[{"embeddable":true,"href":"https:\/\/www.ducops.it\/index.php\/wp-json\/wp\/v2\/users\/1"}],"replies":[{"embeddable":true,"href":"https:\/\/www.ducops.it\/index.php\/wp-json\/wp\/v2\/comments?post=319"}],"version-history":[{"count":21,"href":"https:\/\/www.ducops.it\/index.php\/wp-json\/wp\/v2\/pages\/319\/revisions"}],"predecessor-version":[{"id":2972,"href":"https:\/\/www.ducops.it\/index.php\/wp-json\/wp\/v2\/pages\/319\/revisions\/2972"}],"wp:attachment":[{"href":"https:\/\/www.ducops.it\/index.php\/wp-json\/wp\/v2\/media?parent=319"}],"wp:term":[{"taxonomy":"wf_page_folders","embeddable":true,"href":"https:\/\/www.ducops.it\/index.php\/wp-json\/wp\/v2\/wf_page_folders?post=319"}],"curies":[{"name":"wp","href":"https:\/\/api.w.org\/{rel}","templated":true}]}}